{"id":15,"date":"2014-08-02T13:02:54","date_gmt":"2014-08-02T13:02:54","guid":{"rendered":"http:\/\/eco-nature-demo.cmsmasters.net\/shop\/"},"modified":"2024-02-16T16:40:01","modified_gmt":"2024-02-16T16:40:01","slug":"reglementari","status":"publish","type":"page","link":"https:\/\/csrezina.md\/index.php\/legislatie\/reglementari\/","title":{"rendered":"Reglement\u0103ri"},"content":{"rendered":"<style type=\"text\/css\"> \n#cmsms_row_69e2ee436c45e .cmsms_row_outer_parent { \n\tpadding-top: 0px; \n} \n\n#cmsms_row_69e2ee436c45e .cmsms_row_outer_parent { \n\tpadding-bottom: 50px; \n} \n\n \n#cmsms_heading_69e2ee436c5d5, #cmsms_heading_69e2ee436c5d5 a { \n\tfont-family:'Roboto'; \n\tfont-weight:400; \n\tfont-style:normal; \n\tmargin-top:0px; \n\tmargin-bottom:20px; \n} \n<\/style><div id=\"cmsms_row_69e2ee436c45e\" class=\"cmsms_row cmsms_color_scheme_default\">\n<div class=\"cmsms_row_outer_parent\">\n<div class=\"cmsms_row_outer\">\n<div class=\"cmsms_row_inner\">\n<div class=\"cmsms_row_margin\">\n<div class=\"cmsms_column one_first\">\n<h1 id=\"cmsms_heading_69e2ee436c5d5\" class=\"cmsms_heading\">Reglement\u0103ri<\/h1><div class=\"cmsms_text\">\n<h1><em><sub><strong>Regulamentului privind salarizarea angaja\u0163ilor din institu\u0163iile medico-sanitare publice \u00eencadrate \u00een sistemul asigur\u0103rii obligatorii de asisten\u0163\u0103 medical\u0103<\/strong><\/sub><\/em><\/h1>\n<ul>\n<li><em><a href=\"https:\/\/csrezina.md\/wp-content\/uploads\/2024\/02\/HOTARARE-Nr-837-01-10-2023.pdf\" target=\"_blank\" rel=\"noopener\">HOT\u0102R\u00c2RE Nr- 837 01-10-2023<\/a><\/em><\/li>\n<\/ul>\n<\/div>\n<\/div>\n<\/div>\n<\/div>\n<\/div>\n<\/div>\n<\/div>\n\n","protected":false},"excerpt":{"rendered":"","protected":false},"author":1,"featured_media":0,"parent":4183,"menu_order":0,"comment_status":"closed","ping_status":"closed","template":"","meta":{"_mc_calendar":[],"footnotes":""},"class_list":["post-15","page","type-page","status-publish","hentry"],"_links":{"self":[{"href":"https:\/\/csrezina.md\/index.php\/wp-json\/wp\/v2\/pages\/15","targetHints":{"allow":["GET"]}}],"collection":[{"href":"https:\/\/csrezina.md\/index.php\/wp-json\/wp\/v2\/pages"}],"about":[{"href":"https:\/\/csrezina.md\/index.php\/wp-json\/wp\/v2\/types\/page"}],"author":[{"embeddable":true,"href":"https:\/\/csrezina.md\/index.php\/wp-json\/wp\/v2\/users\/1"}],"replies":[{"embeddable":true,"href":"https:\/\/csrezina.md\/index.php\/wp-json\/wp\/v2\/comments?post=15"}],"version-history":[{"count":12,"href":"https:\/\/csrezina.md\/index.php\/wp-json\/wp\/v2\/pages\/15\/revisions"}],"predecessor-version":[{"id":4111,"href":"https:\/\/csrezina.md\/index.php\/wp-json\/wp\/v2\/pages\/15\/revisions\/4111"}],"up":[{"embeddable":true,"href":"https:\/\/csrezina.md\/index.php\/wp-json\/wp\/v2\/pages\/4183"}],"wp:attachment":[{"href":"https:\/\/csrezina.md\/index.php\/wp-json\/wp\/v2\/media?parent=15"}],"curies":[{"name":"wp","href":"https:\/\/api.w.org\/{rel}","templated":true}]}}