{"id":2,"date":"2024-02-13T09:21:59","date_gmt":"2024-02-13T09:21:59","guid":{"rendered":"https:\/\/csrezina.md\/?page_id=2"},"modified":"2024-02-16T16:39:44","modified_gmt":"2024-02-16T16:39:44","slug":"legislatia-nationala","status":"publish","type":"page","link":"https:\/\/csrezina.md\/index.php\/legislatie\/legislatia-nationala\/","title":{"rendered":"Legisla\u021bia na\u021bional\u0103"},"content":{"rendered":"<style type=\"text\/css\"> \n#cmsms_heading_69e3045aa77b5, #cmsms_heading_69e3045aa77b5 a { \n\tfont-family:'Roboto'; \n\tfont-weight:400; \n\tfont-style:normal; \n\tmargin-top:0px; \n\tmargin-bottom:20px; \n} \n<\/style><div id=\"cmsms_row_69e3045aa7622\" class=\"cmsms_row cmsms_color_scheme_default\">\n<div class=\"cmsms_row_outer_parent\">\n<div class=\"cmsms_row_outer\">\n<div class=\"cmsms_row_inner\">\n<div class=\"cmsms_row_margin\">\n<div class=\"cmsms_column one_first\">\n<h1 id=\"cmsms_heading_69e3045aa77b5\" class=\"cmsms_heading\">Legisla\u021bia na\u021bional\u0103<\/h1><div class=\"cmsms_text\">\n<ol>\n<li><a href=\"http:\/\/lex.justice.md\/index.php?action=view&amp;view=doc&amp;lang=1&amp;id=338164\" target=\"_blank\" rel=\"noopener\">Legea Nr. 55 din 31.03.2011 &#8211; fondurilor asigur\u0103rii obligatorii de asisten\u0163\u0103 medical\u0103 pe anul 2011<\/a><\/li>\n<li><a href=\"http:\/\/lex.justice.md\/index.php?action=view&amp;view=doc&amp;lang=1&amp;id=335428\" target=\"_blank\" rel=\"noopener\">Legea Nr. 663 din 23.07.2010 &#8211; pentru aprobarea Regulamentului sanitar privind condi\u0163iile de igien\u0103 pentru prestatorii de servicii medicale<\/a><\/li>\n<li><a href=\"http:\/\/lex.justice.md\/index.php?action=view&amp;view=doc&amp;lang=1&amp;id=325150\" target=\"_blank\" rel=\"noopener\">Legea Nr. 124 din 11.05.2007 &#8211; pentru ratificarea Conven\u0163iei-cadru a Organiza\u0163iei Mondiale a S\u0103n\u0103t\u0103\u0163ii privind controlul tutunului<\/a><\/li>\n<li><a href=\"http:\/\/lex.justice.md\/index.php?action=view&amp;view=doc&amp;lang=1&amp;id=321724\" target=\"_blank\" rel=\"noopener\">Legea Nr. 96 din 29.01.2007 &#8211; cu privire la stabilirea condi\u0163iilor de plasare pe pia\u0163\u0103 \u015fi de utilizare a dispozitivelor medicale<\/a><\/li>\n<li><a href=\"http:\/\/lex.justice.md\/index.php?action=view&amp;view=doc&amp;lang=1&amp;id=325146\" target=\"_blank\" rel=\"noopener\">Legea Nr. 93 din 05.04.2007 &#8211; Inspectoratului General pentru Situa\u0163ii de Urgen\u0163\u0103<\/a><\/li>\n<li><a href=\"http:\/\/lex.justice.md\/index.php?action=view&amp;view=doc&amp;lang=1&amp;id=323271\" target=\"_blank\" rel=\"noopener\">Legea Nr. 23 din 16.02.2007 &#8211; cu privire la profilaxia infec\u0163iei HIV\/SIDA<\/a><\/li>\n<li><a href=\"http:\/\/lex.justice.md\/index.php?action=view&amp;view=doc&amp;lang=1&amp;id=319306\" target=\"_blank\" rel=\"noopener\">Legea Nr. 386 din 08.12.2006 &#8211; privind completarea articolului 11 din Legea ocrotirii s\u0103n\u0103t\u0103\u0163ii nr. 411-XIII din 28 martie 1995<\/a><\/li>\n<li><a href=\"http:\/\/lex.justice.md\/index.php?action=view&amp;view=doc&amp;lang=1&amp;id=313060\" target=\"_blank\" rel=\"noopener\">Legea Nr. 263 din 27.10.2005 &#8211; cu privire la drepturile \u015fi responsabilit\u0103\u0163ile pacientului<\/a><\/li>\n<li><a href=\"http:\/\/lex.justice.md\/index.php?action=view&amp;view=doc&amp;lang=1&amp;id=313062\" target=\"_blank\" rel=\"noopener\">Legea Nr. 264 din 27.10.2005 &#8211; cu privire la exercitarea profesiunii de medic<\/a><\/li>\n<li><a href=\"http:\/\/lex.justice.md\/index.php?action=view&amp;view=doc&amp;lang=1&amp;id=312347\" target=\"_blank\" rel=\"noopener\">Legea Nr. 332 din 24.07.2003 &#8211; pentru modificarea \u015fi completarea Legii nr.1456-XII din 25 mai 1993 cu privire la activitatea farmaceutic\u0103 \u015fi a Legii nr. 552-XV din 18 octombrie 2001 privind evaluarea \u015fi acreditarea \u00een s\u0103n\u0103tate<\/a><\/li>\n<li><a href=\"http:\/\/lex.justice.md\/index.php?action=view&amp;view=doc&amp;lang=1&amp;id=312789\" target=\"_blank\" rel=\"noopener\">Legea Nr. 1593 din 26.12.2002 &#8211; cu privire la m\u0103rimea, modul \u015fi termenele de achitare a primelor de asigurare obligatorie de asisten\u0163\u0103 medical\u0103<\/a><\/li>\n<li><a href=\"http:\/\/lex.justice.md\/index.php?action=view&amp;view=doc&amp;lang=1&amp;id=312864\" target=\"_blank\" rel=\"noopener\">Legea Nr. 713 din 06.12.2001 &#8211; privind controlul \u015fi prevenirea consumului abuziv de alcool, consumului ilicit de droguri \u015fi de alte substan\u0163e psihotrope<\/a><\/li>\n<li><a href=\"http:\/\/lex.justice.md\/index.php?action=view&amp;view=doc&amp;lang=1&amp;id=312848\" target=\"_blank\" rel=\"noopener\">Legea Nr. 552 din 18.10.2001 &#8211; privind evaluarea \u015fi acreditarea \u00een s\u0103n\u0103tate<\/a><\/li>\n<li><a href=\"http:\/\/lex.justice.md\/index.php?action=view&amp;view=doc&amp;lang=1&amp;id=312794\" target=\"_blank\" rel=\"noopener\">Legea Nr. 185 din 24.05.2001 &#8211; cu privire la ocrotirea s\u0103n\u0103t\u0103\u0163ii reproductive \u015fi planificarea familial\u0103<\/a><\/li>\n<li><a href=\"http:\/\/lex.justice.md\/index.php?action=view&amp;view=doc&amp;lang=1&amp;id=311759\" target=\"_blank\" rel=\"noopener\">Legea Nr. 982 din 11.05.2000 &#8211; privind accesul la informa\u0163ie<\/a><\/li>\n<li><a href=\"http:\/\/lex.justice.md\/index.php?action=view&amp;view=doc&amp;lang=1&amp;id=311660\" target=\"_blank\" rel=\"noopener\">Legea Nr. 382 din 06.05.1999 &#8211; cu privire la circula\u0163ia substan\u0163elor stupefiante, psihotrope \u015fi a precursorilor<\/a><\/li>\n<li><a href=\"http:\/\/lex.justice.md\/index.php?action=view&amp;view=doc&amp;lang=1&amp;id=311622\" target=\"_blank\" rel=\"noopener\">Legea Nr. 1585 din 27.02.1998 &#8211; cu privire la asigurarea obligatorie de asisten\u0163\u0103 medical\u0103<\/a><\/li>\n<li><a href=\"http:\/\/lex.justice.md\/index.php?action=view&amp;view=doc&amp;lang=1&amp;id=312970\" target=\"_blank\" rel=\"noopener\">Legea Nr. 1402 din 16.12.1997 &#8211; privind s\u0103n\u0103tatea mental\u0103<\/a><\/li>\n<li><a href=\"http:\/\/lex.justice.md\/index.php?action=view&amp;view=doc&amp;lang=1&amp;id=312823\" target=\"_blank\" rel=\"noopener\">Legea Nr. 411 din 28.03.1995 &#8211; ocrotirii s\u0103n\u0103t\u0103\u0163ii<\/a><\/li>\n<li><a href=\"http:\/\/lex.justice.md\/index.php?action=view&amp;view=doc&amp;lang=1&amp;id=313313\" target=\"_blank\" rel=\"noopener\">Legea Nr. 190 din 19.07.1994 &#8211; cu privire la peti\u0163ionare*<\/a><\/li>\n<li><a href=\"http:\/\/lex.justice.md\/index.php?action=view&amp;view=doc&amp;lang=1&amp;id=313306\" target=\"_blank\" rel=\"noopener\">Legea Nr. 1513 din 16.06.1993 &#8211; privind asigurarea sanitaro-epidemiologic\u0103 a popula\u0163iei*<\/a><\/li>\n<li><a href=\"http:\/\/lex.justice.md\/index.php?action=view&amp;view=doc&amp;lang=1&amp;id=311594\" target=\"_blank\" rel=\"noopener\">Legea Nr. 1456 din 25.05.1993 &#8211; cu privire la activitatea farmaceutic\u0103<\/a><\/li>\n<li><a href=\"https:\/\/www.legis.md\/cautare\/getResults?doc_id=132710\" target=\"_blank\" rel=\"noopener\">HOT\u0102R\u00c2RE Nr. 1387 din 10-12-2007 cu privire la aprobarea Programului unic al asigur\u0103rii obligatorii de asisten\u0163\u0103 medical\u0103<\/a><\/li>\n<\/ol>\n<\/div>\n<\/div>\n<\/div>\n<\/div>\n<\/div>\n<\/div>\n<\/div>\n\n","protected":false},"excerpt":{"rendered":"","protected":false},"author":1,"featured_media":0,"parent":4183,"menu_order":0,"comment_status":"closed","ping_status":"open","template":"","meta":{"_mc_calendar":[],"footnotes":""},"class_list":["post-2","page","type-page","status-publish","hentry"],"_links":{"self":[{"href":"https:\/\/csrezina.md\/index.php\/wp-json\/wp\/v2\/pages\/2","targetHints":{"allow":["GET"]}}],"collection":[{"href":"https:\/\/csrezina.md\/index.php\/wp-json\/wp\/v2\/pages"}],"about":[{"href":"https:\/\/csrezina.md\/index.php\/wp-json\/wp\/v2\/types\/page"}],"author":[{"embeddable":true,"href":"https:\/\/csrezina.md\/index.php\/wp-json\/wp\/v2\/users\/1"}],"replies":[{"embeddable":true,"href":"https:\/\/csrezina.md\/index.php\/wp-json\/wp\/v2\/comments?post=2"}],"version-history":[{"count":6,"href":"https:\/\/csrezina.md\/index.php\/wp-json\/wp\/v2\/pages\/2\/revisions"}],"predecessor-version":[{"id":4020,"href":"https:\/\/csrezina.md\/index.php\/wp-json\/wp\/v2\/pages\/2\/revisions\/4020"}],"up":[{"embeddable":true,"href":"https:\/\/csrezina.md\/index.php\/wp-json\/wp\/v2\/pages\/4183"}],"wp:attachment":[{"href":"https:\/\/csrezina.md\/index.php\/wp-json\/wp\/v2\/media?parent=2"}],"curies":[{"name":"wp","href":"https:\/\/api.w.org\/{rel}","templated":true}]}}