{"id":2232,"date":"2014-07-21T09:02:51","date_gmt":"2014-07-21T09:02:51","guid":{"rendered":"http:\/\/eco-nature.cmsmasters.net\/?page_id=2232"},"modified":"2024-02-16T16:07:33","modified_gmt":"2024-02-16T16:07:33","slug":"conducerea","status":"publish","type":"page","link":"https:\/\/csrezina.md\/index.php\/insitutia\/conducerea\/","title":{"rendered":"Conducerea"},"content":{"rendered":"<style type=\"text\/css\"> \n#cmsms_row_69e2ee8cd1623 .cmsms_row_outer_parent { \n\tpadding-top: 50px; \n} \n\n#cmsms_row_69e2ee8cd1623 .cmsms_row_outer_parent { \n\tpadding-bottom: 50px; \n} \n\n \n#cmsms_row_69e2ee8cd1ca4 .cmsms_row_outer_parent { \n\tpadding-top: 50px; \n} \n\n#cmsms_row_69e2ee8cd1ca4 .cmsms_row_outer_parent { \n\tpadding-bottom: 50px; \n} \n\n \n#cmsms_row_69e2ee8cd1ce7 { \n\tbackground-image: url(https:\/\/csrezina.md\/wp-content\/uploads\/2014\/07\/bg-prlx-big-sky.jpg); \n\tbackground-position: top center; \n\tbackground-repeat: no-repeat; \n\tbackground-attachment: scroll; \n\tbackground-size: cover; \n} \n\n#cmsms_row_69e2ee8cd1ce7 .cmsms_row_outer_parent { \n\tpadding-top: 50px; \n} \n\n#cmsms_row_69e2ee8cd1ce7 .cmsms_row_outer_parent { \n\tpadding-bottom: 50px; \n} \n\n<\/style><div id=\"cmsms_row_69e2ee8cd1623\" class=\"cmsms_row cmsms_color_scheme_default\">\n<div class=\"cmsms_row_outer_parent\">\n<div class=\"cmsms_row_outer\">\n<div class=\"cmsms_row_inner\">\n<div class=\"cmsms_row_margin\">\n<div class=\"cmsms_column one_fourth\">\n<div class=\"cmsms_img  cmsms_image_n with_caption\">\n<a href=\"https:\/\/csrezina.md\/wp-content\/uploads\/2024\/02\/images.png\" rel=\"ilightbox\"><img decoding=\"async\" src=\"https:\/\/csrezina.md\/wp-content\/uploads\/2024\/02\/images.png\" alt=\"\u0218ef IMSP CS Rezina - Popov Silvia\" \/><\/a>\n<p class=\"cmsms_img_caption\">\u0218ef IMSP CS Rezina - Popov Silvia<\/p><\/div>\n<\/div>\n<div class=\"cmsms_column one_fourth\">\n<div class=\"cmsms_img  cmsms_image_n with_caption\">\n<a href=\"https:\/\/csrezina.md\/wp-content\/uploads\/2024\/02\/images.png\" rel=\"ilightbox\"><img decoding=\"async\" src=\"https:\/\/csrezina.md\/wp-content\/uploads\/2024\/02\/images.png\" alt=\"\u0218ef Sec\u021bie Medicina de Familie - Calin Ludmila\" \/><\/a>\n<p class=\"cmsms_img_caption\">\u0218ef Sec\u021bie Medicina de Familie - Calin Ludmila<\/p><\/div>\n<\/div>\n<div class=\"cmsms_column one_fourth\">\n<div class=\"cmsms_img  cmsms_image_n with_caption\">\n<a href=\"https:\/\/csrezina.md\/wp-content\/uploads\/2024\/02\/images.png\" rel=\"ilightbox\"><img decoding=\"async\" src=\"https:\/\/csrezina.md\/wp-content\/uploads\/2024\/02\/images.png\" alt=\"Specialist principal AMM\u0219iC - Vozian Aliona\" \/><\/a>\n<p class=\"cmsms_img_caption\">Specialist principal AMM\u0219iC - Vozian Aliona<\/p><\/div>\n<\/div>\n<div class=\"cmsms_column one_fourth\">\n<div class=\"cmsms_img  cmsms_image_n with_caption\">\n<a href=\"https:\/\/csrezina.md\/wp-content\/uploads\/2024\/02\/images.png\" rel=\"ilightbox\"><img decoding=\"async\" src=\"https:\/\/csrezina.md\/wp-content\/uploads\/2024\/02\/images.png\" alt=\"Asistent medical \u0219ef - Soltan Oxana\" \/><\/a>\n<p class=\"cmsms_img_caption\">Asistent medical \u0219ef - Soltan Oxana<\/p><\/div>\n<\/div>\n<\/div>\n<\/div>\n<\/div>\n<\/div>\n<\/div>\n<div id=\"cmsms_row_69e2ee8cd1ca4\" class=\"cmsms_row cmsms_color_scheme_default\">\n<div class=\"cmsms_row_outer_parent\">\n<div class=\"cmsms_row_outer\">\n<div class=\"cmsms_row_inner\">\n<div class=\"cmsms_row_margin\">\n<div class=\"cmsms_column one_fourth\">\n<\/div>\n<div class=\"cmsms_column one_fourth\">\n<\/div>\n<div class=\"cmsms_column one_fourth\">\n<\/div>\n<div class=\"cmsms_column one_fourth\">\n<\/div>\n<\/div>\n<\/div>\n<\/div>\n<\/div>\n<\/div>\n<div id=\"cmsms_row_69e2ee8cd1ce7\" class=\"cmsms_row cmsms_color_scheme_first\" data-stellar-background-ratio=\"0.5\">\n<div class=\"cmsms_row_outer_parent\">\n<div class=\"cmsms_row_outer\">\n<div class=\"cmsms_row_inner\">\n<div class=\"cmsms_row_margin\">\n<div class=\"cmsms_column one_first\">\n<div class=\"cmsms_sidebar sidebar_layout_14141414\"><aside id=\"text-9\" class=\"widget widget_text\"><h3 class=\"widgettitle\">Program de lucru:<\/h3>\t\t\t<div class=\"textwidget\"><ul>\n<li><a href=\"#\">Luni - Vineri: 08:00 - 18:00<\/a><\/li>\n<li><a href=\"#\">S\u00eemb\u0103t\u0103: 08:00 - 14:00<\/a><\/li>\n<li><a href=\"#\">Duminic\u0103: Zi de odihn\u0103<\/a><\/li>\n<\/ul><\/div>\n\t\t<\/aside><aside id=\"text-10\" class=\"widget widget_text\"><h3 class=\"widgettitle\">Contacte:<\/h3>\t\t\t<div class=\"textwidget\"><ul>\n<li><a href=\"#\">Registratura: 0254-2-33-89<\/a><\/li>\n<li><a href=\"#\">Secretariat: 0254-2-28-97<\/a><\/li>\n<\/ul><\/div>\n\t\t<\/aside><aside id=\"text-11\" class=\"widget widget_text\"><h3 class=\"widgettitle\">Adresa:<\/h3>\t\t\t<div class=\"textwidget\"><ul>\n<li><a href=\"#\">Or. Rezina, str. \u0218ciusev 5, MD-5402<\/a><\/li>\n<li><a href=\"#\">Email: cs.rezina@ms.md<\/a><\/li>\n<\/ul><\/div>\n\t\t<\/aside><aside id=\"block-7\" class=\"widget widget_block\">\n<ul class=\"wp-block-list\">\n<li><\/li>\n<\/ul>\n<\/aside><aside id=\"block-10\" class=\"widget widget_block\">\n<ul class=\"wp-block-list\">\n<li><\/li>\n<\/ul>\n<\/aside><div class=\"cl\"><\/div>\n<\/div>\n<\/div>\n<\/div>\n<\/div>\n<\/div>\n<\/div>\n<\/div>\n\n","protected":false},"excerpt":{"rendered":"","protected":false},"author":1,"featured_media":0,"parent":2418,"menu_order":0,"comment_status":"closed","ping_status":"closed","template":"","meta":{"_mc_calendar":[],"footnotes":""},"class_list":["post-2232","page","type-page","status-publish","hentry"],"_links":{"self":[{"href":"https:\/\/csrezina.md\/index.php\/wp-json\/wp\/v2\/pages\/2232","targetHints":{"allow":["GET"]}}],"collection":[{"href":"https:\/\/csrezina.md\/index.php\/wp-json\/wp\/v2\/pages"}],"about":[{"href":"https:\/\/csrezina.md\/index.php\/wp-json\/wp\/v2\/types\/page"}],"author":[{"embeddable":true,"href":"https:\/\/csrezina.md\/index.php\/wp-json\/wp\/v2\/users\/1"}],"replies":[{"embeddable":true,"href":"https:\/\/csrezina.md\/index.php\/wp-json\/wp\/v2\/comments?post=2232"}],"version-history":[{"count":17,"href":"https:\/\/csrezina.md\/index.php\/wp-json\/wp\/v2\/pages\/2232\/revisions"}],"predecessor-version":[{"id":4152,"href":"https:\/\/csrezina.md\/index.php\/wp-json\/wp\/v2\/pages\/2232\/revisions\/4152"}],"up":[{"embeddable":true,"href":"https:\/\/csrezina.md\/index.php\/wp-json\/wp\/v2\/pages\/2418"}],"wp:attachment":[{"href":"https:\/\/csrezina.md\/index.php\/wp-json\/wp\/v2\/media?parent=2232"}],"curies":[{"name":"wp","href":"https:\/\/api.w.org\/{rel}","templated":true}]}}