{"id":2243,"date":"2014-07-21T09:29:21","date_gmt":"2014-07-21T09:29:21","guid":{"rendered":"http:\/\/eco-nature.cmsmasters.net\/?page_id=2243"},"modified":"2024-02-17T18:23:07","modified_gmt":"2024-02-17T18:23:07","slug":"portfolio-2-2","status":"publish","type":"page","link":"https:\/\/csrezina.md\/index.php\/portfolio-2-2\/","title":{"rendered":"Media"},"content":{"rendered":"<style type=\"text\/css\"> \n#cmsms_row_69e2ee8d61e7f .cmsms_row_outer_parent { \n\tpadding-top: 0px; \n} \n\n#cmsms_row_69e2ee8d61e7f .cmsms_row_outer_parent { \n\tpadding-bottom: 50px; \n} \n\n \n#cmsms_row_69e2ee8d6b593 { \n\tbackground-image: url(https:\/\/csrezina.md\/wp-content\/uploads\/2014\/07\/bg-prlx-big-2.jpg); \n\tbackground-position: top center; \n\tbackground-repeat: repeat-y; \n\tbackground-attachment: scroll; \n\tbackground-size: cover; \n} \n\n#cmsms_row_69e2ee8d6b593 .cmsms_row_outer_parent { \n\tpadding-top: 40px; \n} \n\n#cmsms_row_69e2ee8d6b593 .cmsms_row_outer_parent { \n\tpadding-bottom: 20px; \n} \n\n<\/style><div id=\"cmsms_row_69e2ee8d61e7f\" class=\"cmsms_row cmsms_color_scheme_default\">\n<div class=\"cmsms_row_outer_parent\">\n<div class=\"cmsms_row_outer\">\n<div class=\"cmsms_row_inner\">\n<div class=\"cmsms_row_margin\">\n<div class=\"cmsms_column one_first\">\n<div class=\"cmsms_wrap_portfolio entry-summary\" id=\"portfolio_69e2ee8d61f76\"><script type=\"text\/javascript\">\r\njQuery(document).ready(function () {\r\n\t(function ($) {\r\n\t\tif ($('#portfolio_69e2ee8d61f76').find('article').length == '0') {\r\n\t\t\treturn false;\r\n\t\t}\r\n\t\t\r\n\t\r\n\t\tstartPortfolio( \r\n\t\t\t'69e2ee8d61f76', \r\n\t\t\t'grid', \r\n\t\t\t'masonry', \r\n\t\t\t'https:\/\/csrezina.md\/wp-content\/plugins\/cmsms-content-composer\/', \r\n\t\t\t'date', \r\n\t\t\t'DESC', \r\n\t\t\t'10', \r\n\t\t\t'animals,biology,ecology,home,people,water', \r\n\t\t\t'title,categories,rollover' \r\n\t\t);\r\n\t} )(jQuery);\r\n} );\r\n<\/script>\r\n<div class=\"cmsms_project_filter_wrap\">\r\n\t\t\t<div class=\"cmsms_project_filter\">\r\n\t\t\t\t<span class=\"cmsms_project_filter_loader\"><\/span><div class=\"cmsms_project_sort_block\">\r\n\t\t\t\t\t\t<a href=\"#\" name=\"project_name\" title=\"Name\" class=\"button cmsms_project_sort_but\">\r\n\t\t\t\t\t\t\t<span>Name<\/span>\r\n\t\t\t\t\t\t<\/a>\r\n\t\t\t\t\t\t<a href=\"#\" name=\"project_date\" title=\"Date\" class=\"button cmsms_project_sort_but current reversed\">\r\n\t\t\t\t\t\t\t<span>Date<\/span>\r\n\t\t\t\t\t\t<\/a>\r\n\t\t\t\t\t<\/div><div class=\"cmsms_project_filter_block\">\r\n\t\t\t\t\t\t<a class=\"cmsms_project_filter_but cmsms-icon-menu button\">\r\n\t\t\t\t\t\t\t<span>Filter<\/span>\r\n\t\t\t\t\t\t<\/a>\r\n\t\t\t\t\t\t<ul class=\"cmsms_project_filter_list\">\r\n\t\t\t\t\t\t\t<li class=\"current\">\r\n\t\t\t\t\t\t\t\t<a class=\"button\" data-filter=\"article.project\"  title=\"All Categories\" href=\"javascript:void(0);\">\r\n\t\t\t\t\t\t\t\t\t<span>All Categories<\/span>\r\n\t\t\t\t\t\t\t\t<\/a>\r\n\t\t\t\t\t\t\t<\/li><li>\r\n\t\t\t\t\t\t\t\t\t\t<a class=\"button\" href=\"#\" data-filter=\"article.project[data-category~='home']\" title=\"Home\">\r\n\t\t\t\t\t\t\t\t\t\t\t<span>Home<\/span>\r\n\t\t\t\t\t\t\t\t\t\t<\/a>\r\n\t\t\t\t\t\t\t\t\t<\/li><li>\r\n\t\t\t\t\t\t\t\t\t\t<a class=\"button\" href=\"#\" data-filter=\"article.project[data-category~='people']\" title=\"People\">\r\n\t\t\t\t\t\t\t\t\t\t\t<span>People<\/span>\r\n\t\t\t\t\t\t\t\t\t\t<\/a>\r\n\t\t\t\t\t\t\t\t\t<\/li><\/ul>\r\n\t\t\t\t\t<\/div><\/div>\r\n\t\t<\/div><div class=\"portfolio grid large_gap masonry cmsms_4\">\r\n<!--_________________________ Start Standard Project _________________________ -->\r\n\r\n<article id=\"post-84\" class=\"post-84 project type-project status-publish format-standard has-post-thumbnail hentry pj-categs-home\" data-category=\"home\">\r\n\t<div class=\"project_outer\">\r\n\t<figure class=\"cmsms_img_rollover_wrap preloader highImg\"><img loading=\"lazy\" decoding=\"async\" width=\"580\" height=\"326\" src=\"https:\/\/csrezina.md\/wp-content\/uploads\/2014\/08\/03-580x326.jpg\" class=\"full-width wp-post-image\" alt=\"Beauty of Life\" title=\"Beauty of Life\" srcset=\"https:\/\/csrezina.md\/wp-content\/uploads\/2014\/08\/03-580x326.jpg 580w, https:\/\/csrezina.md\/wp-content\/uploads\/2014\/08\/03-300x169.jpg 300w, https:\/\/csrezina.md\/wp-content\/uploads\/2014\/08\/03-1024x576.jpg 1024w, https:\/\/csrezina.md\/wp-content\/uploads\/2014\/08\/03-768x432.jpg 768w, https:\/\/csrezina.md\/wp-content\/uploads\/2014\/08\/03-1536x864.jpg 1536w, https:\/\/csrezina.md\/wp-content\/uploads\/2014\/08\/03-820x461.jpg 820w, https:\/\/csrezina.md\/wp-content\/uploads\/2014\/08\/03-1160x653.jpg 1160w, https:\/\/csrezina.md\/wp-content\/uploads\/2014\/08\/03.jpg 1920w\" sizes=\"auto, (max-width: 580px) 100vw, 580px\" \/><div class=\"cmsms_img_rollover\"><a href=\"https:\/\/csrezina.md\/wp-content\/uploads\/2014\/08\/03.jpg\" rel=\"ilightbox[84_69e2ee8d64e2e]\" title=\"Beauty of Life\" class=\"cmsms_image_link\"><span class=\"cmsms-icon-search-7\"><\/span><\/a><a href=\"https:\/\/csrezina.md\/index.php\/project\/beauty-life\/\" title=\"Beauty of Life\" class=\"cmsms_open_link\"><span class=\"cmsms-icon-attach-6\"><\/span><\/a><\/div><\/figure><div class=\"project_inner\"><header class=\"cmsms_project_header entry-header\"><h3 class=\"cmsms_project_title entry-title\"><a href=\"https:\/\/csrezina.md\/index.php\/project\/beauty-life\/\" target=\"_blank\">Beauty of Life<\/a><\/h3><\/header><div class=\"cmsms_project_cont_info entry-meta\"><span class=\"cmsms_project_category\"><a href=\"https:\/\/csrezina.md\/index.php\/pj-categs\/home\/\" rel=\"tag\">Home<\/a><\/span><\/div><\/div><span class=\"dn meta-date\">20140717113735<\/span>\t\t<div class=\"cl\"><\/div>\r\n\t<\/div>\r\n<\/article>\r\n<!--_________________________ Finish Standard Project _________________________ -->\r\n\r\n\r\n<!--_________________________ Start Standard Project _________________________ -->\r\n\r\n<article id=\"post-80\" class=\"post-80 project type-project status-publish format-standard has-post-thumbnail hentry pj-categs-home pj-categs-ministerul-sanatatii pj-categs-people\" data-category=\"home ministerul-sanatatii people\">\r\n\t<div class=\"project_outer\">\r\n\t<figure class=\"cmsms_img_rollover_wrap preloader highImg\"><img loading=\"lazy\" decoding=\"async\" width=\"580\" height=\"326\" src=\"https:\/\/csrezina.md\/wp-content\/uploads\/2014\/08\/05-580x326.jpg\" class=\"full-width wp-post-image\" alt=\"Loneliness\" title=\"Loneliness\" srcset=\"https:\/\/csrezina.md\/wp-content\/uploads\/2014\/08\/05-580x326.jpg 580w, https:\/\/csrezina.md\/wp-content\/uploads\/2014\/08\/05-300x169.jpg 300w, https:\/\/csrezina.md\/wp-content\/uploads\/2014\/08\/05-1024x576.jpg 1024w, https:\/\/csrezina.md\/wp-content\/uploads\/2014\/08\/05-768x432.jpg 768w, https:\/\/csrezina.md\/wp-content\/uploads\/2014\/08\/05-1536x864.jpg 1536w, https:\/\/csrezina.md\/wp-content\/uploads\/2014\/08\/05-820x461.jpg 820w, https:\/\/csrezina.md\/wp-content\/uploads\/2014\/08\/05-1160x653.jpg 1160w, https:\/\/csrezina.md\/wp-content\/uploads\/2014\/08\/05.jpg 1920w\" sizes=\"auto, (max-width: 580px) 100vw, 580px\" \/><div class=\"cmsms_img_rollover\"><a href=\"https:\/\/csrezina.md\/wp-content\/uploads\/2014\/08\/05.jpg\" rel=\"ilightbox[80_69e2ee8d65c4d]\" title=\"Loneliness\" class=\"cmsms_image_link\"><span class=\"cmsms-icon-search-7\"><\/span><\/a><a href=\"https:\/\/csrezina.md\/index.php\/project\/loneliness\/\" title=\"Loneliness\" class=\"cmsms_open_link\"><span class=\"cmsms-icon-attach-6\"><\/span><\/a><\/div><\/figure><div class=\"project_inner\"><header class=\"cmsms_project_header entry-header\"><h3 class=\"cmsms_project_title entry-title\"><a href=\"https:\/\/csrezina.md\/index.php\/project\/loneliness\/\" target=\"_blank\">Loneliness<\/a><\/h3><\/header><div class=\"cmsms_project_cont_info entry-meta\"><span class=\"cmsms_project_category\"><a href=\"https:\/\/csrezina.md\/index.php\/pj-categs\/home\/\" rel=\"tag\">Home<\/a>, <a href=\"https:\/\/csrezina.md\/index.php\/pj-categs\/ministerul-sanatatii\/\" rel=\"tag\">Ministerul S\u0103n\u0103t\u0103\u021bii<\/a>, <a href=\"https:\/\/csrezina.md\/index.php\/pj-categs\/people\/\" rel=\"tag\">People<\/a><\/span><\/div><\/div><span class=\"dn meta-date\">20140717113416<\/span>\t\t<div class=\"cl\"><\/div>\r\n\t<\/div>\r\n<\/article>\r\n<!--_________________________ Finish Standard Project _________________________ -->\r\n\r\n\r\n<!--_________________________ Start Standard Project _________________________ -->\r\n\r\n<article id=\"post-66\" class=\"post-66 project type-project status-publish format-standard has-post-thumbnail hentry pj-categs-home pj-categs-ministerul-sanatatii\" data-category=\"home ministerul-sanatatii\">\r\n\t<div class=\"project_outer\">\r\n\t<figure class=\"cmsms_img_rollover_wrap preloader highImg\"><img loading=\"lazy\" decoding=\"async\" width=\"580\" height=\"326\" src=\"https:\/\/csrezina.md\/wp-content\/uploads\/2014\/08\/04-580x326.jpg\" class=\"full-width wp-post-image\" alt=\"White Tiger\" title=\"White Tiger\" srcset=\"https:\/\/csrezina.md\/wp-content\/uploads\/2014\/08\/04-580x326.jpg 580w, https:\/\/csrezina.md\/wp-content\/uploads\/2014\/08\/04-300x169.jpg 300w, https:\/\/csrezina.md\/wp-content\/uploads\/2014\/08\/04-1024x576.jpg 1024w, https:\/\/csrezina.md\/wp-content\/uploads\/2014\/08\/04-768x432.jpg 768w, https:\/\/csrezina.md\/wp-content\/uploads\/2014\/08\/04-1536x864.jpg 1536w, https:\/\/csrezina.md\/wp-content\/uploads\/2014\/08\/04-820x461.jpg 820w, https:\/\/csrezina.md\/wp-content\/uploads\/2014\/08\/04-1160x653.jpg 1160w, https:\/\/csrezina.md\/wp-content\/uploads\/2014\/08\/04.jpg 1920w\" sizes=\"auto, (max-width: 580px) 100vw, 580px\" \/><div class=\"cmsms_img_rollover\"><a href=\"https:\/\/csrezina.md\/wp-content\/uploads\/2014\/08\/04.jpg\" rel=\"ilightbox[66_69e2ee8d6692a]\" title=\"White Tiger\" class=\"cmsms_image_link\"><span class=\"cmsms-icon-search-7\"><\/span><\/a><a href=\"https:\/\/csrezina.md\/index.php\/project\/white-tiger\/\" title=\"White Tiger\" class=\"cmsms_open_link\"><span class=\"cmsms-icon-attach-6\"><\/span><\/a><\/div><\/figure><div class=\"project_inner\"><header class=\"cmsms_project_header entry-header\"><h3 class=\"cmsms_project_title entry-title\"><a href=\"https:\/\/csrezina.md\/index.php\/project\/white-tiger\/\" target=\"_blank\">White Tiger<\/a><\/h3><\/header><div class=\"cmsms_project_cont_info entry-meta\"><span class=\"cmsms_project_category\"><a href=\"https:\/\/csrezina.md\/index.php\/pj-categs\/home\/\" rel=\"tag\">Home<\/a>, <a href=\"https:\/\/csrezina.md\/index.php\/pj-categs\/ministerul-sanatatii\/\" rel=\"tag\">Ministerul S\u0103n\u0103t\u0103\u021bii<\/a><\/span><\/div><\/div><span class=\"dn meta-date\">20140717102238<\/span>\t\t<div class=\"cl\"><\/div>\r\n\t<\/div>\r\n<\/article>\r\n<!--_________________________ Finish Standard Project _________________________ -->\r\n\r\n\r\n<!--_________________________ Start Standard Project _________________________ -->\r\n\r\n<article id=\"post-57\" class=\"post-57 project type-project status-publish format-standard has-post-thumbnail hentry pj-categs-home pj-categs-people\" data-category=\"home people\">\r\n\t<div class=\"project_outer\">\r\n\t<figure class=\"cmsms_img_rollover_wrap preloader highImg\"><img loading=\"lazy\" decoding=\"async\" width=\"580\" height=\"326\" src=\"https:\/\/csrezina.md\/wp-content\/uploads\/2014\/08\/01-580x326.jpg\" class=\"full-width wp-post-image\" alt=\"Social Ecology\" title=\"Social Ecology\" srcset=\"https:\/\/csrezina.md\/wp-content\/uploads\/2014\/08\/01-580x326.jpg 580w, https:\/\/csrezina.md\/wp-content\/uploads\/2014\/08\/01-300x169.jpg 300w, https:\/\/csrezina.md\/wp-content\/uploads\/2014\/08\/01-1024x576.jpg 1024w, https:\/\/csrezina.md\/wp-content\/uploads\/2014\/08\/01-768x432.jpg 768w, https:\/\/csrezina.md\/wp-content\/uploads\/2014\/08\/01-1536x864.jpg 1536w, https:\/\/csrezina.md\/wp-content\/uploads\/2014\/08\/01-820x461.jpg 820w, https:\/\/csrezina.md\/wp-content\/uploads\/2014\/08\/01-1160x653.jpg 1160w, https:\/\/csrezina.md\/wp-content\/uploads\/2014\/08\/01.jpg 1920w\" sizes=\"auto, (max-width: 580px) 100vw, 580px\" \/><div class=\"cmsms_img_rollover\"><a href=\"https:\/\/csrezina.md\/wp-content\/uploads\/2014\/08\/01.jpg\" rel=\"ilightbox[57_69e2ee8d67335]\" title=\"Social Ecology\" class=\"cmsms_image_link\"><span class=\"cmsms-icon-search-7\"><\/span><\/a><a href=\"https:\/\/csrezina.md\/index.php\/project\/social-ecology\/\" title=\"Social Ecology\" class=\"cmsms_open_link\"><span class=\"cmsms-icon-attach-6\"><\/span><\/a><\/div><\/figure><div class=\"project_inner\"><header class=\"cmsms_project_header entry-header\"><h3 class=\"cmsms_project_title entry-title\"><a href=\"https:\/\/csrezina.md\/index.php\/project\/social-ecology\/\" target=\"_blank\">Social Ecology<\/a><\/h3><\/header><div class=\"cmsms_project_cont_info entry-meta\"><span class=\"cmsms_project_category\"><a href=\"https:\/\/csrezina.md\/index.php\/pj-categs\/home\/\" rel=\"tag\">Home<\/a>, <a href=\"https:\/\/csrezina.md\/index.php\/pj-categs\/people\/\" rel=\"tag\">People<\/a><\/span><\/div><\/div><span class=\"dn meta-date\">20140717094532<\/span>\t\t<div class=\"cl\"><\/div>\r\n\t<\/div>\r\n<\/article>\r\n<!--_________________________ Finish Standard Project _________________________ -->\r\n\r\n\r\n<!--_________________________ Start Standard Project _________________________ -->\r\n\r\n<article id=\"post-46\" class=\"post-46 project type-project status-publish format-standard has-post-thumbnail hentry pj-categs-home pj-categs-ministerul-sanatatii\" data-category=\"home ministerul-sanatatii\">\r\n\t<div class=\"project_outer\">\r\n\t<figure class=\"cmsms_img_rollover_wrap preloader highImg\"><img loading=\"lazy\" decoding=\"async\" width=\"580\" height=\"326\" src=\"https:\/\/csrezina.md\/wp-content\/uploads\/2014\/08\/02-580x326.jpg\" class=\"full-width wp-post-image\" alt=\"Biodiversity\" title=\"Biodiversity\" srcset=\"https:\/\/csrezina.md\/wp-content\/uploads\/2014\/08\/02-580x326.jpg 580w, https:\/\/csrezina.md\/wp-content\/uploads\/2014\/08\/02-300x169.jpg 300w, https:\/\/csrezina.md\/wp-content\/uploads\/2014\/08\/02-1024x576.jpg 1024w, https:\/\/csrezina.md\/wp-content\/uploads\/2014\/08\/02-768x432.jpg 768w, https:\/\/csrezina.md\/wp-content\/uploads\/2014\/08\/02-1536x864.jpg 1536w, https:\/\/csrezina.md\/wp-content\/uploads\/2014\/08\/02-820x461.jpg 820w, https:\/\/csrezina.md\/wp-content\/uploads\/2014\/08\/02-1160x653.jpg 1160w, https:\/\/csrezina.md\/wp-content\/uploads\/2014\/08\/02.jpg 1920w\" sizes=\"auto, (max-width: 580px) 100vw, 580px\" \/><div class=\"cmsms_img_rollover\"><a href=\"https:\/\/csrezina.md\/wp-content\/uploads\/2014\/08\/02.jpg\" rel=\"ilightbox[46_69e2ee8d6adee]\" title=\"Biodiversity\" class=\"cmsms_image_link\"><span class=\"cmsms-icon-search-7\"><\/span><\/a><a href=\"https:\/\/csrezina.md\/index.php\/project\/biodiversity\/\" title=\"Biodiversity\" class=\"cmsms_open_link\"><span class=\"cmsms-icon-attach-6\"><\/span><\/a><\/div><\/figure><div class=\"project_inner\"><header class=\"cmsms_project_header entry-header\"><h3 class=\"cmsms_project_title entry-title\"><a href=\"https:\/\/csrezina.md\/index.php\/project\/biodiversity\/\" target=\"_blank\">Biodiversity<\/a><\/h3><\/header><div class=\"cmsms_project_cont_info entry-meta\"><span class=\"cmsms_project_category\"><a href=\"https:\/\/csrezina.md\/index.php\/pj-categs\/home\/\" rel=\"tag\">Home<\/a>, <a href=\"https:\/\/csrezina.md\/index.php\/pj-categs\/ministerul-sanatatii\/\" rel=\"tag\">Ministerul S\u0103n\u0103t\u0103\u021bii<\/a><\/span><\/div><\/div><span class=\"dn meta-date\">20140717091711<\/span>\t\t<div class=\"cl\"><\/div>\r\n\t<\/div>\r\n<\/article>\r\n<!--_________________________ Finish Standard Project _________________________ -->\r\n\r\n<\/div><div class=\"cmsms_wrap_more_projects cmsms_wrap_more_items\"><\/div><\/div>\n<\/div>\n<\/div>\n<\/div>\n<\/div>\n<\/div>\n<\/div>\n<div id=\"cmsms_row_69e2ee8d6b593\" class=\"cmsms_row cmsms_color_scheme_first\" data-stellar-background-ratio=\"0.5\">\n<div class=\"cmsms_row_outer_parent\">\n<div class=\"cmsms_row_outer\">\n<div class=\"cmsms_row_inner\">\n<div class=\"cmsms_row_margin\">\n<div class=\"cmsms_column one_first\">\n<div class=\"cmsms_sidebar sidebar_layout_14141414\"><aside id=\"text-9\" class=\"widget widget_text\"><h3 class=\"widgettitle\">Program de lucru:<\/h3>\t\t\t<div class=\"textwidget\"><ul>\n<li><a href=\"#\">Luni - Vineri: 08:00 - 18:00<\/a><\/li>\n<li><a href=\"#\">S\u00eemb\u0103t\u0103: 08:00 - 14:00<\/a><\/li>\n<li><a href=\"#\">Duminic\u0103: Zi de odihn\u0103<\/a><\/li>\n<\/ul><\/div>\n\t\t<\/aside><aside id=\"text-10\" class=\"widget widget_text\"><h3 class=\"widgettitle\">Contacte:<\/h3>\t\t\t<div class=\"textwidget\"><ul>\n<li><a href=\"#\">Registratura: 0254-2-33-89<\/a><\/li>\n<li><a href=\"#\">Secretariat: 0254-2-28-97<\/a><\/li>\n<\/ul><\/div>\n\t\t<\/aside><aside id=\"text-11\" class=\"widget widget_text\"><h3 class=\"widgettitle\">Adresa:<\/h3>\t\t\t<div class=\"textwidget\"><ul>\n<li><a href=\"#\">Or. Rezina, str. \u0218ciusev 5, MD-5402<\/a><\/li>\n<li><a href=\"#\">Email: cs.rezina@ms.md<\/a><\/li>\n<\/ul><\/div>\n\t\t<\/aside><aside id=\"block-7\" class=\"widget widget_block\">\n<ul class=\"wp-block-list\">\n<li><\/li>\n<\/ul>\n<\/aside><aside id=\"block-10\" class=\"widget widget_block\">\n<ul class=\"wp-block-list\">\n<li><\/li>\n<\/ul>\n<\/aside><div class=\"cl\"><\/div>\n<\/div>\n<\/div>\n<\/div>\n<\/div>\n<\/div>\n<\/div>\n<\/div>\n\n","protected":false},"excerpt":{"rendered":"","protected":false},"author":1,"featured_media":0,"parent":0,"menu_order":0,"comment_status":"closed","ping_status":"closed","template":"","meta":{"_mc_calendar":[],"footnotes":""},"class_list":["post-2243","page","type-page","status-publish","hentry"],"_links":{"self":[{"href":"https:\/\/csrezina.md\/index.php\/wp-json\/wp\/v2\/pages\/2243","targetHints":{"allow":["GET"]}}],"collection":[{"href":"https:\/\/csrezina.md\/index.php\/wp-json\/wp\/v2\/pages"}],"about":[{"href":"https:\/\/csrezina.md\/index.php\/wp-json\/wp\/v2\/types\/page"}],"author":[{"embeddable":true,"href":"https:\/\/csrezina.md\/index.php\/wp-json\/wp\/v2\/users\/1"}],"replies":[{"embeddable":true,"href":"https:\/\/csrezina.md\/index.php\/wp-json\/wp\/v2\/comments?post=2243"}],"version-history":[{"count":4,"href":"https:\/\/csrezina.md\/index.php\/wp-json\/wp\/v2\/pages\/2243\/revisions"}],"predecessor-version":[{"id":4221,"href":"https:\/\/csrezina.md\/index.php\/wp-json\/wp\/v2\/pages\/2243\/revisions\/4221"}],"wp:attachment":[{"href":"https:\/\/csrezina.md\/index.php\/wp-json\/wp\/v2\/media?parent=2243"}],"curies":[{"name":"wp","href":"https:\/\/api.w.org\/{rel}","templated":true}]}}