{"id":2458,"date":"2014-07-23T07:16:25","date_gmt":"2014-07-23T07:16:25","guid":{"rendered":"http:\/\/eco-nature.cmsmasters.net\/?page_id=2458"},"modified":"2025-05-12T09:26:09","modified_gmt":"2025-05-12T09:26:09","slug":"anunturi","status":"publish","type":"page","link":"https:\/\/csrezina.md\/index.php\/transparenta\/anunturi\/","title":{"rendered":"Anun\u021buri"},"content":{"rendered":"<style type=\"text\/css\"> \n#cmsms_row_69e2eedea3f82 .cmsms_row_outer_parent { \n\tpadding-top: 0px; \n} \n\n#cmsms_row_69e2eedea3f82 .cmsms_row_outer_parent { \n\tpadding-bottom: 50px; \n} \n\n \n#cmsms_row_69e2eedea40ab .cmsms_row_outer_parent { \n\tpadding-top: 0px; \n} \n\n#cmsms_row_69e2eedea40ab .cmsms_row_outer_parent { \n\tpadding-bottom: 0px; \n} \n\n \n#cmsms_row_69e2eedea415a .cmsms_row_outer_parent { \n\tpadding-top: 50px; \n} \n\n#cmsms_row_69e2eedea415a .cmsms_row_outer_parent { \n\tpadding-bottom: 40px; \n} \n\n \n#cmsms_row_69e2eedea43e9 .cmsms_row_outer_parent { \n\tpadding-top: 0px; \n} \n\n#cmsms_row_69e2eedea43e9 .cmsms_row_outer_parent { \n\tpadding-bottom: 0px; \n} \n\n \n#cmsms_row_69e2eedea4454 { \n\tbackground-image: url(https:\/\/csrezina.md\/wp-content\/uploads\/2014\/07\/bg-prlx-big-2.jpg); \n\tbackground-position: top center; \n\tbackground-repeat: repeat-y; \n\tbackground-attachment: scroll; \n\tbackground-size: cover; \n} \n\n#cmsms_row_69e2eedea4454 .cmsms_row_outer_parent { \n\tpadding-top: 40px; \n} \n\n#cmsms_row_69e2eedea4454 .cmsms_row_outer_parent { \n\tpadding-bottom: 20px; \n} \n\n<\/style><div id=\"cmsms_row_69e2eedea3f82\" class=\"cmsms_row cmsms_color_scheme_default\">\n<div class=\"cmsms_row_outer_parent\">\n<div class=\"cmsms_row_outer\">\n<div class=\"cmsms_row_inner\">\n<div class=\"cmsms_row_margin\">\n<div class=\"cmsms_column one_first\">\n<div class=\"cmsms_text\">\n<p><a href=\"https:\/\/csrezina.md\/wp-content\/uploads\/2025\/05\/Anunt480_page-0001.jpg\" target=\"_blank\" rel=\"noopener\"><img loading=\"lazy\" decoding=\"async\" class=\"aligncenter wp-image-4420 size-large\" src=\"https:\/\/csrezina.md\/wp-content\/uploads\/2025\/05\/Anunt480_page-0001-e1747041888592-803x1024.jpg\" alt=\"\" width=\"803\" height=\"1024\" srcset=\"https:\/\/csrezina.md\/wp-content\/uploads\/2025\/05\/Anunt480_page-0001-e1747041888592-803x1024.jpg 803w, https:\/\/csrezina.md\/wp-content\/uploads\/2025\/05\/Anunt480_page-0001-e1747041888592-235x300.jpg 235w, https:\/\/csrezina.md\/wp-content\/uploads\/2025\/05\/Anunt480_page-0001-e1747041888592-768x980.jpg 768w, https:\/\/csrezina.md\/wp-content\/uploads\/2025\/05\/Anunt480_page-0001-e1747041888592-580x740.jpg 580w, https:\/\/csrezina.md\/wp-content\/uploads\/2025\/05\/Anunt480_page-0001-e1747041888592-820x1046.jpg 820w, https:\/\/csrezina.md\/wp-content\/uploads\/2025\/05\/Anunt480_page-0001-e1747041888592.jpg 1160w\" sizes=\"auto, (max-width: 803px) 100vw, 803px\" \/><\/a><\/p>\n<h2 style=\"text-align: center;\"><a href=\"https:\/\/csrezina.md\/wp-content\/uploads\/2025\/05\/Comunicat-informativ480.pdf\" target=\"_blank\" rel=\"noopener\">Comunicat informativ<\/a><\/h2>\n<\/div>\n<\/div>\n<\/div>\n<\/div>\n<\/div>\n<\/div>\n<\/div>\n<div id=\"cmsms_row_69e2eedea40ab\" class=\"cmsms_row cmsms_color_scheme_default\">\n<div class=\"cmsms_row_outer_parent\">\n<div class=\"cmsms_row_outer\">\n<div class=\"cmsms_row_inner\">\n<div class=\"cmsms_row_margin\">\n<div class=\"cmsms_column one_first\">\n<div class=\"cmsms_text\">\n<ul>\n<li><em><a href=\"https:\/\/csrezina.md\/wp-content\/uploads\/2024\/04\/1.-Lista-denumirilor-comerciale-de-medicamente-compensate_beneficiari.xlsx\" target=\"_blank\" rel=\"noopener\"><strong>Lista denumirilor comerciale de medicamente compensate<\/strong><\/a><\/em><\/li>\n<li><em><a href=\"https:\/\/csrezina.md\/wp-content\/uploads\/2024\/04\/2.-Lista-Denumirilor-comerciale-de-dispozitive-medicale_beneficiari.xlsx\" target=\"_blank\" rel=\"noopener\"><strong>Lista Denumirilor comerciale de dispozitive medicale<\/strong><\/a><\/em><\/li>\n<\/ul>\n<\/div>\n<\/div>\n<\/div>\n<\/div>\n<\/div>\n<\/div>\n<\/div>\n<div id=\"cmsms_row_69e2eedea415a\" class=\"cmsms_row cmsms_color_scheme_default\">\n<div class=\"cmsms_row_outer_parent\">\n<div class=\"cmsms_row_outer\">\n<div class=\"cmsms_row_inner\">\n<div class=\"cmsms_row_margin\">\n<div class=\"cmsms_column one_first\">\n<div class=\"cmsms_toggles toggles_mode_toggle\">\n<div class=\"cmsms_toggle_wrap\" data-tags=\"all \">\n<div class=\"cmsms_toggle_title\">\n<span class=\"cmsms_toggle_plus\">\n<span class=\"cmsms_toggle_plus_hor\"><\/span>\n<span class=\"cmsms_toggle_plus_vert\"><\/span>\n<\/span>\n<a href=\"#\">Proces verbal - licita\u021bie<\/a>\n<\/div>\n<div class=\"cmsms_toggle\">\n<div class=\"cmsms_toggle_inner\">\n<h1><strong><em><a href=\"https:\/\/csrezina.md\/wp-content\/uploads\/2024\/02\/Proces-verbal-licitatie.pdf\" target=\"_blank\" rel=\"noopener\">Proces verbal &#8211; licita\u021bie<\/a><\/em><\/strong><\/h1>\n<\/div>\n<\/div>\n<\/div><div class=\"cmsms_toggle_wrap\" data-tags=\"all \">\n<div class=\"cmsms_toggle_title\">\n<span class=\"cmsms_toggle_plus\">\n<span class=\"cmsms_toggle_plus_hor\"><\/span>\n<span class=\"cmsms_toggle_plus_vert\"><\/span>\n<\/span>\n<a href=\"#\">ANUN\u021a<\/a>\n<\/div>\n<div class=\"cmsms_toggle\">\n<div class=\"cmsms_toggle_inner\">\n<h1><em><strong><a href=\"https:\/\/csrezina.md\/wp-content\/uploads\/2024\/02\/anunt.pdf\" target=\"_blank\" rel=\"noopener\">Anun\u021b<\/a><\/strong><\/em><\/h1>\n<\/div>\n<\/div>\n<\/div><div class=\"cmsms_toggle_wrap\" data-tags=\"all \">\n<div class=\"cmsms_toggle_title\">\n<span class=\"cmsms_toggle_plus\">\n<span class=\"cmsms_toggle_plus_hor\"><\/span>\n<span class=\"cmsms_toggle_plus_vert\"><\/span>\n<\/span>\n<a href=\"#\">Comunicat informativ \u00eenc\u0103peri 07.04.2023<\/a>\n<\/div>\n<div class=\"cmsms_toggle\">\n<div class=\"cmsms_toggle_inner\">\n<h1><em><strong><a href=\"https:\/\/csrezina.md\/wp-content\/uploads\/2024\/02\/Comunicat-informativ-incaperi-07_04_2023.pdf\" target=\"_blank\" rel=\"noopener\">Comunicat informativ \u00eenc\u0103peri 07_04_2023<\/a><\/strong><\/em><\/h1>\n<\/div>\n<\/div>\n<\/div><div class=\"cmsms_toggle_wrap\" data-tags=\"all \">\n<div class=\"cmsms_toggle_title\">\n<span class=\"cmsms_toggle_plus\">\n<span class=\"cmsms_toggle_plus_hor\"><\/span>\n<span class=\"cmsms_toggle_plus_vert\"><\/span>\n<\/span>\n<a href=\"#\">Anun\u021b - repetat<\/a>\n<\/div>\n<div class=\"cmsms_toggle\">\n<div class=\"cmsms_toggle_inner\">\n<h1><em><strong><a href=\"https:\/\/csrezina.md\/wp-content\/uploads\/2024\/02\/anunt-repetat.pdf\" target=\"_blank\" rel=\"noopener\">Anun\u021b &#8211; repetat<\/a><\/strong><\/em><\/h1>\n<\/div>\n<\/div>\n<\/div><div class=\"cmsms_toggle_wrap\" data-tags=\"all \">\n<div class=\"cmsms_toggle_title\">\n<span class=\"cmsms_toggle_plus\">\n<span class=\"cmsms_toggle_plus_hor\"><\/span>\n<span class=\"cmsms_toggle_plus_vert\"><\/span>\n<\/span>\n<a href=\"#\">Comunicat informativ \u00eenc\u0103peri<\/a>\n<\/div>\n<div class=\"cmsms_toggle\">\n<div class=\"cmsms_toggle_inner\">\n<h1><strong><em><a href=\"https:\/\/csrezina.md\/wp-content\/uploads\/2024\/02\/Comunicat-informativ-incaperi-repetat.pdf\" target=\"_blank\" rel=\"noopener\">Comunicat informativ \u00eenc\u0103peri<\/a><\/em><\/strong><\/h1>\n<\/div>\n<\/div>\n<\/div><\/div>\n<\/div>\n<\/div>\n<\/div>\n<\/div>\n<\/div>\n<\/div>\n<div id=\"cmsms_row_69e2eedea43e9\" class=\"cmsms_row cmsms_color_scheme_default\">\n<div class=\"cmsms_row_outer_parent\">\n<div class=\"cmsms_row_outer\">\n<div class=\"cmsms_row_inner\">\n<div class=\"cmsms_row_margin\">\n<div class=\"cmsms_column one_first\">\n<\/div>\n<\/div>\n<\/div>\n<\/div>\n<\/div>\n<\/div>\n<div id=\"cmsms_row_69e2eedea4454\" class=\"cmsms_row cmsms_color_scheme_first\" data-stellar-background-ratio=\"0.5\">\n<div class=\"cmsms_row_outer_parent\">\n<div class=\"cmsms_row_outer\">\n<div class=\"cmsms_row_inner\">\n<div class=\"cmsms_row_margin\">\n<div class=\"cmsms_column one_first\">\n<div class=\"cmsms_sidebar sidebar_layout_14141414\"><aside id=\"text-9\" class=\"widget widget_text\"><h3 class=\"widgettitle\">Program de lucru:<\/h3>\t\t\t<div class=\"textwidget\"><ul>\n<li><a href=\"#\">Luni - Vineri: 08:00 - 18:00<\/a><\/li>\n<li><a href=\"#\">S\u00eemb\u0103t\u0103: 08:00 - 14:00<\/a><\/li>\n<li><a href=\"#\">Duminic\u0103: Zi de odihn\u0103<\/a><\/li>\n<\/ul><\/div>\n\t\t<\/aside><aside id=\"text-10\" class=\"widget widget_text\"><h3 class=\"widgettitle\">Contacte:<\/h3>\t\t\t<div class=\"textwidget\"><ul>\n<li><a href=\"#\">Registratura: 0254-2-33-89<\/a><\/li>\n<li><a href=\"#\">Secretariat: 0254-2-28-97<\/a><\/li>\n<\/ul><\/div>\n\t\t<\/aside><aside id=\"text-11\" class=\"widget widget_text\"><h3 class=\"widgettitle\">Adresa:<\/h3>\t\t\t<div class=\"textwidget\"><ul>\n<li><a href=\"#\">Or. Rezina, str. \u0218ciusev 5, MD-5402<\/a><\/li>\n<li><a href=\"#\">Email: cs.rezina@ms.md<\/a><\/li>\n<\/ul><\/div>\n\t\t<\/aside><aside id=\"block-7\" class=\"widget widget_block\">\n<ul class=\"wp-block-list\">\n<li><\/li>\n<\/ul>\n<\/aside><aside id=\"block-10\" class=\"widget widget_block\">\n<ul class=\"wp-block-list\">\n<li><\/li>\n<\/ul>\n<\/aside><div class=\"cl\"><\/div>\n<\/div>\n<\/div>\n<\/div>\n<\/div>\n<\/div>\n<\/div>\n<\/div>\n\n","protected":false},"excerpt":{"rendered":"","protected":false},"author":1,"featured_media":0,"parent":2350,"menu_order":0,"comment_status":"closed","ping_status":"closed","template":"","meta":{"_mc_calendar":[],"footnotes":""},"class_list":["post-2458","page","type-page","status-publish","hentry"],"_links":{"self":[{"href":"https:\/\/csrezina.md\/index.php\/wp-json\/wp\/v2\/pages\/2458","targetHints":{"allow":["GET"]}}],"collection":[{"href":"https:\/\/csrezina.md\/index.php\/wp-json\/wp\/v2\/pages"}],"about":[{"href":"https:\/\/csrezina.md\/index.php\/wp-json\/wp\/v2\/types\/page"}],"author":[{"embeddable":true,"href":"https:\/\/csrezina.md\/index.php\/wp-json\/wp\/v2\/users\/1"}],"replies":[{"embeddable":true,"href":"https:\/\/csrezina.md\/index.php\/wp-json\/wp\/v2\/comments?post=2458"}],"version-history":[{"count":20,"href":"https:\/\/csrezina.md\/index.php\/wp-json\/wp\/v2\/pages\/2458\/revisions"}],"predecessor-version":[{"id":4425,"href":"https:\/\/csrezina.md\/index.php\/wp-json\/wp\/v2\/pages\/2458\/revisions\/4425"}],"up":[{"embeddable":true,"href":"https:\/\/csrezina.md\/index.php\/wp-json\/wp\/v2\/pages\/2350"}],"wp:attachment":[{"href":"https:\/\/csrezina.md\/index.php\/wp-json\/wp\/v2\/media?parent=2458"}],"curies":[{"name":"wp","href":"https:\/\/api.w.org\/{rel}","templated":true}]}}