{"id":2503,"date":"2014-07-23T09:20:39","date_gmt":"2014-07-23T09:20:39","guid":{"rendered":"http:\/\/eco-nature.cmsmasters.net\/?page_id=2503"},"modified":"2025-11-17T06:37:45","modified_gmt":"2025-11-17T06:37:45","slug":"contacts","status":"publish","type":"page","link":"https:\/\/csrezina.md\/index.php\/contacts\/","title":{"rendered":"Contacte"},"content":{"rendered":"<style type=\"text\/css\"> \n#cmsms_row_69e302806b078 .cmsms_row_outer_parent { \n\tpadding-top: 50px; \n} \n\n#cmsms_row_69e302806b078 .cmsms_row_outer_parent { \n\tpadding-bottom: 50px; \n} \n\n #cmsms_icon_list_items_69e302806b184 { \n\tpadding-left:38px; \n} \n\n#cmsms_icon_list_items_69e302806b184 .cmsms_icon_list_item:before { \n\tfont-size:18px; \n\tleft:-38px; \n} \n\n.cmsms_icon_list_items #cmsms_icon_list_item_69e302806b1e1:before { \n\tcolor:#58cf90; \n} \n\n.cmsms_icon_list_items #cmsms_icon_list_item_69e302806b1f4:before { \n\tcolor:#58cf90; \n} \n\n.cmsms_icon_list_items #cmsms_icon_list_item_69e302806b200:before { \n\tcolor:#58cf90; \n} \n \n#cmsms_heading_69e302806b2c5, #cmsms_heading_69e302806b2c5 a { \n\tfont-family:'Roboto'; \n\ttext-align:left; \n\tfont-weight:400; \n\tfont-style:normal; \n\tmargin-top:0px; \n\tmargin-bottom:20px; \n} \n \n#cmsms_heading_69e302806b4c6, #cmsms_heading_69e302806b4c6 a { \n\tfont-family:'Cuprum'; \n\tfont-size:24px; \n\ttext-align:center; \n\tfont-weight:400; \n\tfont-style:normal; \n\tmargin-top:0px; \n\tmargin-bottom:38px; \n} \n \n#cmsms_row_69e302806bcf1 .cmsms_row_outer_parent { \n\tpadding-top: 0px; \n} \n\n#cmsms_row_69e302806bcf1 .cmsms_row_outer_parent { \n\tpadding-bottom: 0px; \n} \n\n#cmsms_row_69e302806bcf1 .cmsms_row_inner.cmsms_row_fullwidth { \n\tpadding-left:0%; \n} \n#cmsms_row_69e302806bcf1 .cmsms_row_inner.cmsms_row_fullwidth { \n\tpadding-right:0%; \n} \n<\/style><div id=\"cmsms_row_69e302806b078\" class=\"cmsms_row cmsms_color_scheme_default cmsms_column_1\">\n<div class=\"cmsms_row_outer_parent\">\n<div class=\"cmsms_row_outer\">\n<div class=\"cmsms_row_inner\">\n<div class=\"cmsms_row_margin\">\n<div class=\"cmsms_column one_half {box-shadow: 0 0 5px #D1D1D3}\">\n \n<ul id=\"cmsms_icon_list_items_69e302806b184\" class=\"cmsms_icon_list_items cmsms_icon_list_type_list cmsms_icon_list_pos_left cmsms_color_type_border cmsms_column_1\"><li id=\"cmsms_icon_list_item_69e302806b1e1\" class=\"cmsms_icon_list_item cmsms-icon-location-7\">Rezina str. \u0218ciusev 5, MD-5402, Moldova<\/li><li id=\"cmsms_icon_list_item_69e302806b1f4\" class=\"cmsms_icon_list_item cmsms-icon-mail-7\">cs.rezina@ms.md<\/li><li id=\"cmsms_icon_list_item_69e302806b200\" class=\"cmsms_icon_list_item cmsms-icon-mobile-6\">Contacte<\/li><\/ul><table class=\"cmsms_table\"><tfoot><tr class=\"cmsms_table_row_footer\"><td>Secretariat<\/td><td class=\"cmsms_table_cell_aligncenter\">0254-2-28-97<\/td><\/tr><\/tfoot><tfoot><tr class=\"cmsms_table_row_footer\"><td>Registratura<\/td><td class=\"cmsms_table_cell_aligncenter\">0254-2-33-89<\/td><\/tr><\/tfoot><\/table><h3 id=\"cmsms_heading_69e302806b2c5\" class=\"cmsms_heading\">Program de lucru<\/h3><table class=\"cmsms_table\"><tr><td>Luni &#8211; Vineri<\/td><td>08:00 &#8211; 18:00<\/td><\/tr><tr><td>S\u00eemb\u0103t\u0103<\/td><td>08:00 &#8211; 14:00<\/td><\/tr><tr><td>Duminic\u0103 <\/td><td>Zi liber\u0103<\/td><\/tr><\/table>\n<\/div>\n<div class=\"cmsms_column one_half cmsms_column_1\">\n<h1 id=\"cmsms_heading_69e302806b4c6\" class=\"cmsms_heading\">Adresa pe Hart\u0103<\/h1><div class=\"cmsms_img  cmsms_image_n\">\n<a href=\"https:\/\/csrezina.md\/wp-content\/uploads\/2024\/02\/harta-cs-rezina.png\" rel=\"ilightbox\"><img decoding=\"async\" src=\"https:\/\/csrezina.md\/wp-content\/uploads\/2024\/02\/harta-cs-rezina.png\" \/><\/a>\n<\/div>\n<\/div>\n<\/div>\n<\/div>\n<\/div>\n<\/div>\n<\/div>\n<div id=\"cmsms_row_69e302806bcf1\" class=\"cmsms_row cmsms_color_scheme_default\">\n<div class=\"cmsms_row_outer_parent\">\n<div class=\"cmsms_row_outer\">\n<div class=\"cmsms_row_inner cmsms_row_fullwidth\">\n<div class=\"cmsms_row_margin\">\n<div class=\"cmsms_column one_first\">\n<p><\/p>\n<\/div>\n<\/div>\n<\/div>\n<\/div>\n<\/div>\n<\/div>\n\n","protected":false},"excerpt":{"rendered":"","protected":false},"author":1,"featured_media":0,"parent":0,"menu_order":0,"comment_status":"closed","ping_status":"closed","template":"","meta":{"_mc_calendar":[],"footnotes":""},"class_list":["post-2503","page","type-page","status-publish","hentry"],"_links":{"self":[{"href":"https:\/\/csrezina.md\/index.php\/wp-json\/wp\/v2\/pages\/2503","targetHints":{"allow":["GET"]}}],"collection":[{"href":"https:\/\/csrezina.md\/index.php\/wp-json\/wp\/v2\/pages"}],"about":[{"href":"https:\/\/csrezina.md\/index.php\/wp-json\/wp\/v2\/types\/page"}],"author":[{"embeddable":true,"href":"https:\/\/csrezina.md\/index.php\/wp-json\/wp\/v2\/users\/1"}],"replies":[{"embeddable":true,"href":"https:\/\/csrezina.md\/index.php\/wp-json\/wp\/v2\/comments?post=2503"}],"version-history":[{"count":53,"href":"https:\/\/csrezina.md\/index.php\/wp-json\/wp\/v2\/pages\/2503\/revisions"}],"predecessor-version":[{"id":4450,"href":"https:\/\/csrezina.md\/index.php\/wp-json\/wp\/v2\/pages\/2503\/revisions\/4450"}],"wp:attachment":[{"href":"https:\/\/csrezina.md\/index.php\/wp-json\/wp\/v2\/media?parent=2503"}],"curies":[{"name":"wp","href":"https:\/\/api.w.org\/{rel}","templated":true}]}}