{"id":4206,"date":"2024-02-17T18:00:39","date_gmt":"2024-02-17T18:00:39","guid":{"rendered":"https:\/\/csrezina.md\/?page_id=4206"},"modified":"2024-04-10T07:45:01","modified_gmt":"2024-04-10T07:45:01","slug":"informatii-utile","status":"publish","type":"page","link":"https:\/\/csrezina.md\/index.php\/informatii-utile\/","title":{"rendered":"Informa\u021bii Utile"},"content":{"rendered":"<style type=\"text\/css\"> \n#cmsms_row_69e2ee846c056 .cmsms_row_outer_parent { \n\tpadding-top: 0px; \n} \n\n#cmsms_row_69e2ee846c056 .cmsms_row_outer_parent { \n\tpadding-bottom: 50px; \n} \n\n \n#cmsms_row_69e2ee846c5b8 .cmsms_row_outer_parent { \n\tpadding-top: 0px; \n} \n\n#cmsms_row_69e2ee846c5b8 .cmsms_row_outer_parent { \n\tpadding-bottom: 50px; \n} \n\n \n#cmsms_clients_69e2ee846c855 .cmsms_clients_item { height:180px; line-height:180px; } \n#cmsms_clients_69e2ee846c855 .cmsms_clients_item a { line-height:180px; } \n<\/style><div id=\"cmsms_row_69e2ee846c056\" class=\"cmsms_row cmsms_color_scheme_default\">\n<div class=\"cmsms_row_outer_parent\">\n<div class=\"cmsms_row_outer\">\n<div class=\"cmsms_row_inner\">\n<div class=\"cmsms_row_margin\">\n<div class=\"cmsms_column one_first\">\n<\/div>\n<\/div>\n<\/div>\n<\/div>\n<\/div>\n<\/div>\n<div id=\"cmsms_row_69e2ee846c5b8\" class=\"cmsms_row cmsms_color_scheme_default\">\n<div class=\"cmsms_row_outer_parent\">\n<div class=\"cmsms_row_outer\">\n<div class=\"cmsms_row_inner\">\n<div class=\"cmsms_row_margin\">\n<div class=\"cmsms_column one_first\">\n\n<div class=\"cmsms_clients_grid_wrap\">\n<div id=\"cmsms_clients_69e2ee846c855\" class=\"cmsms_clients_grid clients_five\">\n<div class=\"cmsms_clients_items slides\">\n<div class=\"cmsms_clients_item item\">\n<a href=\"https:\/\/cumtesimtiazi.md\/\" target=\"_blank\"><img decoding=\"async\" src=\"https:\/\/csrezina.md\/wp-content\/uploads\/2024\/02\/\u0411\u0435\u0437-\u043d\u0430\u0437\u0432\u0430\u043d\u0438\u044f.png\" alt=\"Cum te sim\u021bi azi ?\" title=\"Cum te sim\u021bi azi ?\" \/><\/a>\n<\/div>\n<div class=\"cmsms_clients_item item\">\n<a href=\"https:\/\/www.unicef.org\/moldova\/bebbo-aplica%C8%9Bia-p%C4%83rin%C8%9Bilor-%C8%99i-%C3%AEngrijitorilor\" target=\"_blank\"><img decoding=\"async\" src=\"https:\/\/csrezina.md\/wp-content\/uploads\/2024\/02\/bebbo-logo.png\" alt=\"Bebbo \u2013 Aplica\u021bia p\u0103rin\u021bilor \u0219i \u00eengrijitorilor\" title=\"Bebbo \u2013 Aplica\u021bia p\u0103rin\u021bilor \u0219i \u00eengrijitorilor\" \/><\/a>\n<\/div>\n<div class=\"cmsms_clients_item item\">\n<a href=\"https:\/\/statistica.gov.md\/ro\/recensamantul-populatiei-si-al-locuintelor-2024-9940.html\" target=\"_blank\"><img decoding=\"async\" src=\"https:\/\/csrezina.md\/wp-content\/uploads\/2014\/07\/recensa-600x222-1.jpg\" alt=\"Recens\u0103m\u00e2ntul Popula\u021biei \u0219i Locuin\u021belor 2024\" title=\"Recens\u0103m\u00e2ntul Popula\u021biei \u0219i Locuin\u021belor 2024\" \/><\/a>\n<\/div>\n<div class=\"cmsms_clients_item item\">\n<a href=\"https:\/\/sanatate-mintala.md\/centre\/rezina\/\" target=\"_blank\"><img decoding=\"async\" src=\"https:\/\/csrezina.md\/wp-content\/uploads\/2024\/04\/harta.png\" alt=\"S\u0103n\u0103tate Mintal\u0103\" title=\"S\u0103n\u0103tate Mintal\u0103\" \/><\/a>\n<\/div>\n<\/div>\n<\/div>\n<\/div>\n<\/div>\n<\/div>\n<\/div>\n<\/div>\n<\/div>\n<\/div>\n\n","protected":false},"excerpt":{"rendered":"","protected":false},"author":1,"featured_media":0,"parent":0,"menu_order":0,"comment_status":"closed","ping_status":"closed","template":"","meta":{"_mc_calendar":[],"footnotes":""},"class_list":["post-4206","page","type-page","status-publish","hentry"],"_links":{"self":[{"href":"https:\/\/csrezina.md\/index.php\/wp-json\/wp\/v2\/pages\/4206","targetHints":{"allow":["GET"]}}],"collection":[{"href":"https:\/\/csrezina.md\/index.php\/wp-json\/wp\/v2\/pages"}],"about":[{"href":"https:\/\/csrezina.md\/index.php\/wp-json\/wp\/v2\/types\/page"}],"author":[{"embeddable":true,"href":"https:\/\/csrezina.md\/index.php\/wp-json\/wp\/v2\/users\/1"}],"replies":[{"embeddable":true,"href":"https:\/\/csrezina.md\/index.php\/wp-json\/wp\/v2\/comments?post=4206"}],"version-history":[{"count":9,"href":"https:\/\/csrezina.md\/index.php\/wp-json\/wp\/v2\/pages\/4206\/revisions"}],"predecessor-version":[{"id":4334,"href":"https:\/\/csrezina.md\/index.php\/wp-json\/wp\/v2\/pages\/4206\/revisions\/4334"}],"wp:attachment":[{"href":"https:\/\/csrezina.md\/index.php\/wp-json\/wp\/v2\/media?parent=4206"}],"curies":[{"name":"wp","href":"https:\/\/api.w.org\/{rel}","templated":true}]}}